{"id":1324,"date":"2024-07-01T11:32:56","date_gmt":"2024-07-01T11:32:56","guid":{"rendered":"https:\/\/www.snowark.fi\/?page_id=1324"},"modified":"2025-01-02T14:34:54","modified_gmt":"2025-01-02T14:34:54","slug":"visio-2","status":"publish","type":"page","link":"https:\/\/www.snowark.fi\/index.php\/visio-2\/","title":{"rendered":"Visio"},"content":{"rendered":"\n<div style=\"height:60px\" aria-hidden=\"true\" class=\"wp-block-spacer\"><\/div>\n\n\n\n<div class=\"wp-block-nk-awb nk-awb is-layout-constrained wp-block-nk-awb-is-layout-constrained\" style=\"min-height:650px\"><div class=\"nk-awb-wrap\" data-awb-type=\"video\" data-awb-video=\"mp4:https:\/\/www.snowark.fi\/wp-content\/uploads\/2024\/06\/Visio.mp4\" data-awb-video-loop=\"false\" data-awb-video-mobile=\"true\"><div class=\"nk-awb-inner\"><\/div><\/div><div class=\"nk-awb-wrap-content\"><\/div><\/div>\n\n\n\n<div style=\"height:50px\" aria-hidden=\"true\" class=\"wp-block-spacer\"><\/div>\n\n\n\n<h2 class=\"wp-block-heading has-ast-global-color-0-color has-text-color\">VISIO<\/h2>\n\n\n\n<div class=\"wp-block-columns is-layout-flex wp-container-core-columns-is-layout-cf05694f wp-block-columns-is-layout-flex\">\n<div class=\"wp-block-column is-layout-flow wp-block-column-is-layout-flow\" style=\"flex-basis:50%\">\n<p class=\"has-text-align-left\" style=\"margin-top:0;margin-right:0;margin-bottom:0;margin-left:0\">Arkkitehtuuria on perinteisesti pidetty taiteellisena alana. Nykyp\u00e4iv\u00e4n arkkitehtisuunnittelussa taiteellisuus j\u00e4\u00e4 kuitenkin valitettavan usein taka-alalle suunnittelun painottuessa vahvasti pohjien toiminnallisuuteen ja yksinkertaisten ratkaisuiden uusiok\u00e4ytt\u00f6\u00f6n.<br><br>Snowarkilla aloitamme jokaisen suunnitteluprojektin luomalla kohteelle selke\u00e4n massoittelukonseptin &#8211; vision siit\u00e4, milt\u00e4 lopputuloksen halutaan n\u00e4ytt\u00e4v\u00e4n. Vasta t\u00e4m\u00e4n j\u00e4lkeen siirrymme pohtimaan, kuinka toimivin ja tilatehokkain mahdollinen pohjaratkaisu saataisiin sovitettua kyseiseen konseptiin. N\u00e4in varmistamme, ett\u00e4 lopputuloksesta saadaan aina n\u00e4ytt\u00e4v\u00e4 ja tontille harmonisesti istuva kokonaisuus.<br><br>Teemme jokaisen projektin aina 100% panostuksella. Intohimomme arkkitehtuuriin v\u00e4littyy asiakkaalle my\u00f6s tehokkaana ty\u00f6skentelyn\u00e4 ja sit\u00e4 kautta edullisina hintoina.<\/p>\n<\/div>\n\n\n\n<div class=\"wp-block-column is-vertically-aligned-center is-layout-flow wp-block-column-is-layout-flow\" style=\"flex-basis:50%\">\n<p class=\"has-text-align-center\" style=\"margin-top:var(--wp--preset--spacing--60);margin-right:var(--wp--preset--spacing--70);margin-bottom:var(--wp--preset--spacing--60);margin-left:var(--wp--preset--spacing--70);font-size:25px\">&#8221;Visiomme on luoda vaikuttavaa arkkitehtuuria, jossa taide ja luovuus p\u00e4\u00e4sev\u00e4t esiin&#8221;<\/p>\n<\/div>\n<\/div>\n\n\n\n<div style=\"height:50px\" aria-hidden=\"true\" class=\"wp-block-spacer\"><\/div>\n\n\n\n<div class=\"wp-block-columns alignfull has-ast-global-color-4-background-color has-background is-layout-flex wp-container-core-columns-is-layout-cf05694f wp-block-columns-is-layout-flex\">\n<div class=\"wp-block-column is-layout-flow wp-block-column-is-layout-flow\" style=\"flex-basis:35%\"><\/div>\n\n\n\n<div class=\"wp-block-column is-vertically-aligned-top is-layout-flow wp-block-column-is-layout-flow\" style=\"flex-basis:30%\">\n<div style=\"height:50px\" aria-hidden=\"true\" class=\"wp-block-spacer\"><\/div>\n\n\n\n<h3 class=\"wp-block-heading has-text-align-center\">Suunnittelumme ominaispiirteit\u00e4<\/h3>\n\n\n\n<figure class=\"wp-block-image aligncenter size-thumbnail\"><img loading=\"lazy\" decoding=\"async\" width=\"150\" height=\"150\" src=\"https:\/\/www.snowark.fi\/wp-content\/uploads\/2024\/07\/Materiaalit-logo2-150x150.jpg\" alt=\"Luonnonmateriaalit arkkitehtuurissa\" class=\"wp-image-1408\" srcset=\"https:\/\/www.snowark.fi\/wp-content\/uploads\/2024\/07\/Materiaalit-logo2-150x150.jpg 150w, https:\/\/www.snowark.fi\/wp-content\/uploads\/2024\/07\/Materiaalit-logo2-300x300.jpg 300w, https:\/\/www.snowark.fi\/wp-content\/uploads\/2024\/07\/Materiaalit-logo2-1024x1024.jpg 1024w, https:\/\/www.snowark.fi\/wp-content\/uploads\/2024\/07\/Materiaalit-logo2-768x768.jpg 768w, https:\/\/www.snowark.fi\/wp-content\/uploads\/2024\/07\/Materiaalit-logo2-500x500.jpg 500w, https:\/\/www.snowark.fi\/wp-content\/uploads\/2024\/07\/Materiaalit-logo2-800x800.jpg 800w, https:\/\/www.snowark.fi\/wp-content\/uploads\/2024\/07\/Materiaalit-logo2-1280x1280.jpg 1280w, https:\/\/www.snowark.fi\/wp-content\/uploads\/2024\/07\/Materiaalit-logo2.jpg 1500w\" sizes=\"auto, (max-width: 150px) 100vw, 150px\" \/><\/figure>\n\n\n\n<p class=\"has-text-align-center\" style=\"margin-right:0;margin-left:0\"><strong>Luonnonmateriaalit<\/strong><br><em>Suosimme suunnittelussamme ajattomia luonnonmateriaaleja, kuten puuta, luonnonkive\u00e4 ja tiilt\u00e4<\/em>.<\/p>\n\n\n\n<div style=\"height:50px\" aria-hidden=\"true\" class=\"wp-block-spacer\"><\/div>\n\n\n\n<figure class=\"wp-block-image aligncenter size-thumbnail\"><img loading=\"lazy\" decoding=\"async\" width=\"150\" height=\"150\" src=\"https:\/\/www.snowark.fi\/wp-content\/uploads\/2024\/07\/Ihminen-logo2-1-150x150.jpg\" alt=\"Ihmisen mittakaava\" class=\"wp-image-1413\" srcset=\"https:\/\/www.snowark.fi\/wp-content\/uploads\/2024\/07\/Ihminen-logo2-1-150x150.jpg 150w, https:\/\/www.snowark.fi\/wp-content\/uploads\/2024\/07\/Ihminen-logo2-1-300x300.jpg 300w, https:\/\/www.snowark.fi\/wp-content\/uploads\/2024\/07\/Ihminen-logo2-1-1024x1024.jpg 1024w, https:\/\/www.snowark.fi\/wp-content\/uploads\/2024\/07\/Ihminen-logo2-1-768x768.jpg 768w, https:\/\/www.snowark.fi\/wp-content\/uploads\/2024\/07\/Ihminen-logo2-1-500x500.jpg 500w, https:\/\/www.snowark.fi\/wp-content\/uploads\/2024\/07\/Ihminen-logo2-1-800x800.jpg 800w, https:\/\/www.snowark.fi\/wp-content\/uploads\/2024\/07\/Ihminen-logo2-1-1280x1280.jpg 1280w, https:\/\/www.snowark.fi\/wp-content\/uploads\/2024\/07\/Ihminen-logo2-1.jpg 1500w\" sizes=\"auto, (max-width: 150px) 100vw, 150px\" \/><\/figure>\n\n\n\n<p class=\"has-text-align-center\" style=\"margin-right:0;margin-left:0\"><strong>Inhimillinen mittakaava<\/strong><br><em>Teemme ihmisen kokoisia ratkaisuja, jotka luovat kodikkaita tiloja. Ei kymmenien metrien pituisia sein\u00e4linjoja tai liian leveit\u00e4 k\u00e4yt\u00e4vi\u00e4.<\/em><br><\/p>\n\n\n\n<div style=\"height:50px\" aria-hidden=\"true\" class=\"wp-block-spacer\"><\/div>\n\n\n\n<figure class=\"wp-block-image aligncenter size-thumbnail\"><img loading=\"lazy\" decoding=\"async\" width=\"150\" height=\"150\" src=\"https:\/\/www.snowark.fi\/wp-content\/uploads\/2024\/07\/Vehreys-logo2-150x150.jpg\" alt=\"Vehreys arkkitehtuurissa\" class=\"wp-image-1410\" srcset=\"https:\/\/www.snowark.fi\/wp-content\/uploads\/2024\/07\/Vehreys-logo2-150x150.jpg 150w, https:\/\/www.snowark.fi\/wp-content\/uploads\/2024\/07\/Vehreys-logo2-300x300.jpg 300w, https:\/\/www.snowark.fi\/wp-content\/uploads\/2024\/07\/Vehreys-logo2-1024x1024.jpg 1024w, https:\/\/www.snowark.fi\/wp-content\/uploads\/2024\/07\/Vehreys-logo2-768x768.jpg 768w, https:\/\/www.snowark.fi\/wp-content\/uploads\/2024\/07\/Vehreys-logo2-500x500.jpg 500w, https:\/\/www.snowark.fi\/wp-content\/uploads\/2024\/07\/Vehreys-logo2-800x800.jpg 800w, https:\/\/www.snowark.fi\/wp-content\/uploads\/2024\/07\/Vehreys-logo2-1280x1280.jpg 1280w, https:\/\/www.snowark.fi\/wp-content\/uploads\/2024\/07\/Vehreys-logo2.jpg 1500w\" sizes=\"auto, (max-width: 150px) 100vw, 150px\" \/><\/figure>\n\n\n\n<p class=\"has-text-align-center\" style=\"margin-right:0;margin-left:0\"><strong>Luonto ja vehreys<\/strong><br><em>Tykk\u00e4\u00e4mme tuoda luonnon, puut ja kasvillisuuden osaksi arkkitehtuuria, l\u00e4helle ihmist\u00e4<\/em>.<\/p>\n\n\n\n<div style=\"height:50px\" aria-hidden=\"true\" class=\"wp-block-spacer\"><\/div>\n\n\n\n<figure class=\"wp-block-image aligncenter size-thumbnail\"><img loading=\"lazy\" decoding=\"async\" width=\"150\" height=\"150\" src=\"https:\/\/www.snowark.fi\/wp-content\/uploads\/2024\/07\/Valaistus-logo2-150x150.jpg\" alt=\"Valaistus arkkitehtuurissa\" class=\"wp-image-1411\" srcset=\"https:\/\/www.snowark.fi\/wp-content\/uploads\/2024\/07\/Valaistus-logo2-150x150.jpg 150w, https:\/\/www.snowark.fi\/wp-content\/uploads\/2024\/07\/Valaistus-logo2-300x300.jpg 300w, https:\/\/www.snowark.fi\/wp-content\/uploads\/2024\/07\/Valaistus-logo2-1024x1024.jpg 1024w, https:\/\/www.snowark.fi\/wp-content\/uploads\/2024\/07\/Valaistus-logo2-768x768.jpg 768w, https:\/\/www.snowark.fi\/wp-content\/uploads\/2024\/07\/Valaistus-logo2-500x500.jpg 500w, https:\/\/www.snowark.fi\/wp-content\/uploads\/2024\/07\/Valaistus-logo2-800x800.jpg 800w, https:\/\/www.snowark.fi\/wp-content\/uploads\/2024\/07\/Valaistus-logo2-1280x1280.jpg 1280w, https:\/\/www.snowark.fi\/wp-content\/uploads\/2024\/07\/Valaistus-logo2.jpg 1500w\" sizes=\"auto, (max-width: 150px) 100vw, 150px\" \/><\/figure>\n\n\n\n<p class=\"has-text-align-center\" style=\"margin-right:0;margin-left:0\"><strong>Innovatiivinen valaistus<\/strong><br><em>N\u00e4emme valaistuksen osana arkkitehtuuria. Nykyajan LED-valot tarjoavat lukemattomia mahdollisuuksia suunnitteluun.<br><\/em><\/p>\n\n\n\n<div style=\"height:50px\" aria-hidden=\"true\" class=\"wp-block-spacer\"><\/div>\n<\/div>\n\n\n\n<div class=\"wp-block-column is-layout-flow wp-block-column-is-layout-flow\" style=\"flex-basis:35%\"><\/div>\n<\/div>\n","protected":false},"excerpt":{"rendered":"<p>VISIO Arkkitehtuuria on perinteisesti pidetty taiteellisena alana. Nykyp\u00e4iv\u00e4n arkkitehtisuunnittelussa taiteellisuus j\u00e4\u00e4 kuitenkin valitettavan usein taka-alalle suunnittelun painottuessa vahvasti pohjien toiminnallisuuteen ja yksinkertaisten ratkaisuiden uusiok\u00e4ytt\u00f6\u00f6n. Snowarkilla aloitamme jokaisen suunnitteluprojektin luomalla kohteelle selke\u00e4n massoittelukonseptin &#8211; vision siit\u00e4, milt\u00e4 lopputuloksen halutaan n\u00e4ytt\u00e4v\u00e4n. Vasta t\u00e4m\u00e4n j\u00e4lkeen siirrymme pohtimaan, kuinka toimivin ja tilatehokkain mahdollinen pohjaratkaisu saataisiin sovitettua kyseiseen konseptiin. N\u00e4in [&hellip;]<\/p>\n","protected":false},"author":1,"featured_media":0,"parent":0,"menu_order":1,"comment_status":"closed","ping_status":"closed","template":"","meta":{"site-sidebar-layout":"default","site-content-layout":"default","ast-site-content-layout":"default","site-content-style":"default","site-sidebar-style":"default","ast-global-header-display":"","ast-banner-title-visibility":"","ast-main-header-display":"","ast-hfb-above-header-display":"","ast-hfb-below-header-display":"","ast-hfb-mobile-header-display":"","site-post-title":"disabled","ast-breadcrumbs-content":"","ast-featured-img":"","footer-sml-layout":"","theme-transparent-header-meta":"default","adv-header-id-meta":"","stick-header-meta":"","header-above-stick-meta":"","header-main-stick-meta":"","header-below-stick-meta":"","astra-migrate-meta-layouts":"set","ast-page-background-enabled":"default","ast-page-background-meta":{"desktop":{"background-color":"var(--ast-global-color-4)","background-image":"","background-repeat":"repeat","background-position":"center center","background-size":"auto","background-attachment":"scroll","background-type":"","background-media":"","overlay-type":"","overlay-color":"","overlay-opacity":"","overlay-gradient":""},"tablet":{"background-color":"","background-image":"","background-repeat":"repeat","background-position":"center center","background-size":"auto","background-attachment":"scroll","background-type":"","background-media":"","overlay-type":"","overlay-color":"","overlay-opacity":"","overlay-gradient":""},"mobile":{"background-color":"","background-image":"","background-repeat":"repeat","background-position":"center center","background-size":"auto","background-attachment":"scroll","background-type":"","background-media":"","overlay-type":"","overlay-color":"","overlay-opacity":"","overlay-gradient":""}},"ast-content-background-meta":{"desktop":{"background-color":"var(--ast-global-color-5)","background-image":"","background-repeat":"repeat","background-position":"center center","background-size":"auto","background-attachment":"scroll","background-type":"","background-media":"","overlay-type":"","overlay-color":"","overlay-opacity":"","overlay-gradient":""},"tablet":{"background-color":"var(--ast-global-color-5)","background-image":"","background-repeat":"repeat","background-position":"center center","background-size":"auto","background-attachment":"scroll","background-type":"","background-media":"","overlay-type":"","overlay-color":"","overlay-opacity":"","overlay-gradient":""},"mobile":{"background-color":"var(--ast-global-color-5)","background-image":"","background-repeat":"repeat","background-position":"center center","background-size":"auto","background-attachment":"scroll","background-type":"","background-media":"","overlay-type":"","overlay-color":"","overlay-opacity":"","overlay-gradient":""}},"footnotes":""},"class_list":["post-1324","page","type-page","status-publish","hentry"],"yoast_head":"<!-- This site is optimized with the Yoast SEO plugin v26.6 - https:\/\/yoast.com\/wordpress\/plugins\/seo\/ -->\n<title>Visio - Snowark Studio<\/title>\n<meta name=\"description\" content=\"Snowark Studion visio on luoda vaikuttavaa arkkitehtuuria, jossa luovuus ja taide p\u00e4\u00e4sev\u00e4t esiin.\" \/>\n<meta name=\"robots\" content=\"index, follow, max-snippet:-1, max-image-preview:large, max-video-preview:-1\" \/>\n<link rel=\"canonical\" href=\"https:\/\/www.snowark.fi\/index.php\/visio-2\/\" \/>\n<meta property=\"og:locale\" content=\"fi_FI\" \/>\n<meta property=\"og:type\" content=\"article\" \/>\n<meta property=\"og:title\" content=\"Visio - Snowark Studio\" \/>\n<meta property=\"og:description\" content=\"Snowark Studion visio on luoda vaikuttavaa arkkitehtuuria, jossa luovuus ja taide p\u00e4\u00e4sev\u00e4t esiin.\" \/>\n<meta property=\"og:url\" content=\"https:\/\/www.snowark.fi\/index.php\/visio-2\/\" \/>\n<meta property=\"og:site_name\" content=\"SNOWARK\" \/>\n<meta property=\"article:modified_time\" content=\"2025-01-02T14:34:54+00:00\" \/>\n<meta property=\"og:image\" content=\"https:\/\/www.snowark.fi\/wp-content\/uploads\/2024\/07\/Materiaalit-logo2.jpg\" \/>\n\t<meta property=\"og:image:width\" content=\"1500\" \/>\n\t<meta property=\"og:image:height\" content=\"1500\" \/>\n\t<meta property=\"og:image:type\" content=\"image\/jpeg\" \/>\n<meta name=\"twitter:card\" content=\"summary_large_image\" \/>\n<meta name=\"twitter:label1\" content=\"Arvioitu lukuaika\" \/>\n\t<meta name=\"twitter:data1\" content=\"2 minuuttia\" \/>\n<script type=\"application\/ld+json\" class=\"yoast-schema-graph\">{\"@context\":\"https:\/\/schema.org\",\"@graph\":[{\"@type\":\"WebPage\",\"@id\":\"https:\/\/www.snowark.fi\/index.php\/visio-2\/\",\"url\":\"https:\/\/www.snowark.fi\/index.php\/visio-2\/\",\"name\":\"Visio - Snowark Studio\",\"isPartOf\":{\"@id\":\"https:\/\/www.snowark.fi\/#website\"},\"primaryImageOfPage\":{\"@id\":\"https:\/\/www.snowark.fi\/index.php\/visio-2\/#primaryimage\"},\"image\":{\"@id\":\"https:\/\/www.snowark.fi\/index.php\/visio-2\/#primaryimage\"},\"thumbnailUrl\":\"https:\/\/www.snowark.fi\/wp-content\/uploads\/2024\/07\/Materiaalit-logo2-150x150.jpg\",\"datePublished\":\"2024-07-01T11:32:56+00:00\",\"dateModified\":\"2025-01-02T14:34:54+00:00\",\"description\":\"Snowark Studion visio on luoda vaikuttavaa arkkitehtuuria, jossa luovuus ja taide p\u00e4\u00e4sev\u00e4t esiin.\",\"breadcrumb\":{\"@id\":\"https:\/\/www.snowark.fi\/index.php\/visio-2\/#breadcrumb\"},\"inLanguage\":\"fi\",\"potentialAction\":[{\"@type\":\"ReadAction\",\"target\":[\"https:\/\/www.snowark.fi\/index.php\/visio-2\/\"]}]},{\"@type\":\"ImageObject\",\"inLanguage\":\"fi\",\"@id\":\"https:\/\/www.snowark.fi\/index.php\/visio-2\/#primaryimage\",\"url\":\"https:\/\/www.snowark.fi\/wp-content\/uploads\/2024\/07\/Materiaalit-logo2.jpg\",\"contentUrl\":\"https:\/\/www.snowark.fi\/wp-content\/uploads\/2024\/07\/Materiaalit-logo2.jpg\",\"width\":1500,\"height\":1500,\"caption\":\"Luonnonmateriaalit arkkitehtuurissa\"},{\"@type\":\"BreadcrumbList\",\"@id\":\"https:\/\/www.snowark.fi\/index.php\/visio-2\/#breadcrumb\",\"itemListElement\":[{\"@type\":\"ListItem\",\"position\":1,\"name\":\"Etusivu\",\"item\":\"https:\/\/www.snowark.fi\/\"},{\"@type\":\"ListItem\",\"position\":2,\"name\":\"Visio\"}]},{\"@type\":\"WebSite\",\"@id\":\"https:\/\/www.snowark.fi\/#website\",\"url\":\"https:\/\/www.snowark.fi\/\",\"name\":\"SNOWARK\",\"description\":\"Pirkanmaalainen arkkitehtistudio\",\"publisher\":{\"@id\":\"https:\/\/www.snowark.fi\/#organization\"},\"potentialAction\":[{\"@type\":\"SearchAction\",\"target\":{\"@type\":\"EntryPoint\",\"urlTemplate\":\"https:\/\/www.snowark.fi\/?s={search_term_string}\"},\"query-input\":{\"@type\":\"PropertyValueSpecification\",\"valueRequired\":true,\"valueName\":\"search_term_string\"}}],\"inLanguage\":\"fi\"},{\"@type\":\"Organization\",\"@id\":\"https:\/\/www.snowark.fi\/#organization\",\"name\":\"Snowark\",\"url\":\"https:\/\/www.snowark.fi\/\",\"logo\":{\"@type\":\"ImageObject\",\"inLanguage\":\"fi\",\"@id\":\"https:\/\/www.snowark.fi\/#\/schema\/logo\/image\/\",\"url\":\"https:\/\/www.snowark.fi\/wp-content\/uploads\/2022\/01\/cropped-Sivuston-pikkukuva.png\",\"contentUrl\":\"https:\/\/www.snowark.fi\/wp-content\/uploads\/2022\/01\/cropped-Sivuston-pikkukuva.png\",\"width\":512,\"height\":512,\"caption\":\"Snowark\"},\"image\":{\"@id\":\"https:\/\/www.snowark.fi\/#\/schema\/logo\/image\/\"},\"sameAs\":[\"https:\/\/www.instagram.com\/snowarkstudio\/\"]}]}<\/script>\n<!-- \/ Yoast SEO plugin. -->","yoast_head_json":{"title":"Visio - Snowark Studio","description":"Snowark Studion visio on luoda vaikuttavaa arkkitehtuuria, jossa luovuus ja taide p\u00e4\u00e4sev\u00e4t esiin.","robots":{"index":"index","follow":"follow","max-snippet":"max-snippet:-1","max-image-preview":"max-image-preview:large","max-video-preview":"max-video-preview:-1"},"canonical":"https:\/\/www.snowark.fi\/index.php\/visio-2\/","og_locale":"fi_FI","og_type":"article","og_title":"Visio - Snowark Studio","og_description":"Snowark Studion visio on luoda vaikuttavaa arkkitehtuuria, jossa luovuus ja taide p\u00e4\u00e4sev\u00e4t esiin.","og_url":"https:\/\/www.snowark.fi\/index.php\/visio-2\/","og_site_name":"SNOWARK","article_modified_time":"2025-01-02T14:34:54+00:00","og_image":[{"width":1500,"height":1500,"url":"https:\/\/www.snowark.fi\/wp-content\/uploads\/2024\/07\/Materiaalit-logo2.jpg","type":"image\/jpeg"}],"twitter_card":"summary_large_image","twitter_misc":{"Arvioitu lukuaika":"2 minuuttia"},"schema":{"@context":"https:\/\/schema.org","@graph":[{"@type":"WebPage","@id":"https:\/\/www.snowark.fi\/index.php\/visio-2\/","url":"https:\/\/www.snowark.fi\/index.php\/visio-2\/","name":"Visio - Snowark Studio","isPartOf":{"@id":"https:\/\/www.snowark.fi\/#website"},"primaryImageOfPage":{"@id":"https:\/\/www.snowark.fi\/index.php\/visio-2\/#primaryimage"},"image":{"@id":"https:\/\/www.snowark.fi\/index.php\/visio-2\/#primaryimage"},"thumbnailUrl":"https:\/\/www.snowark.fi\/wp-content\/uploads\/2024\/07\/Materiaalit-logo2-150x150.jpg","datePublished":"2024-07-01T11:32:56+00:00","dateModified":"2025-01-02T14:34:54+00:00","description":"Snowark Studion visio on luoda vaikuttavaa arkkitehtuuria, jossa luovuus ja taide p\u00e4\u00e4sev\u00e4t esiin.","breadcrumb":{"@id":"https:\/\/www.snowark.fi\/index.php\/visio-2\/#breadcrumb"},"inLanguage":"fi","potentialAction":[{"@type":"ReadAction","target":["https:\/\/www.snowark.fi\/index.php\/visio-2\/"]}]},{"@type":"ImageObject","inLanguage":"fi","@id":"https:\/\/www.snowark.fi\/index.php\/visio-2\/#primaryimage","url":"https:\/\/www.snowark.fi\/wp-content\/uploads\/2024\/07\/Materiaalit-logo2.jpg","contentUrl":"https:\/\/www.snowark.fi\/wp-content\/uploads\/2024\/07\/Materiaalit-logo2.jpg","width":1500,"height":1500,"caption":"Luonnonmateriaalit arkkitehtuurissa"},{"@type":"BreadcrumbList","@id":"https:\/\/www.snowark.fi\/index.php\/visio-2\/#breadcrumb","itemListElement":[{"@type":"ListItem","position":1,"name":"Etusivu","item":"https:\/\/www.snowark.fi\/"},{"@type":"ListItem","position":2,"name":"Visio"}]},{"@type":"WebSite","@id":"https:\/\/www.snowark.fi\/#website","url":"https:\/\/www.snowark.fi\/","name":"SNOWARK","description":"Pirkanmaalainen arkkitehtistudio","publisher":{"@id":"https:\/\/www.snowark.fi\/#organization"},"potentialAction":[{"@type":"SearchAction","target":{"@type":"EntryPoint","urlTemplate":"https:\/\/www.snowark.fi\/?s={search_term_string}"},"query-input":{"@type":"PropertyValueSpecification","valueRequired":true,"valueName":"search_term_string"}}],"inLanguage":"fi"},{"@type":"Organization","@id":"https:\/\/www.snowark.fi\/#organization","name":"Snowark","url":"https:\/\/www.snowark.fi\/","logo":{"@type":"ImageObject","inLanguage":"fi","@id":"https:\/\/www.snowark.fi\/#\/schema\/logo\/image\/","url":"https:\/\/www.snowark.fi\/wp-content\/uploads\/2022\/01\/cropped-Sivuston-pikkukuva.png","contentUrl":"https:\/\/www.snowark.fi\/wp-content\/uploads\/2022\/01\/cropped-Sivuston-pikkukuva.png","width":512,"height":512,"caption":"Snowark"},"image":{"@id":"https:\/\/www.snowark.fi\/#\/schema\/logo\/image\/"},"sameAs":["https:\/\/www.instagram.com\/snowarkstudio\/"]}]}},"_links":{"self":[{"href":"https:\/\/www.snowark.fi\/index.php\/wp-json\/wp\/v2\/pages\/1324","targetHints":{"allow":["GET"]}}],"collection":[{"href":"https:\/\/www.snowark.fi\/index.php\/wp-json\/wp\/v2\/pages"}],"about":[{"href":"https:\/\/www.snowark.fi\/index.php\/wp-json\/wp\/v2\/types\/page"}],"author":[{"embeddable":true,"href":"https:\/\/www.snowark.fi\/index.php\/wp-json\/wp\/v2\/users\/1"}],"replies":[{"embeddable":true,"href":"https:\/\/www.snowark.fi\/index.php\/wp-json\/wp\/v2\/comments?post=1324"}],"version-history":[{"count":60,"href":"https:\/\/www.snowark.fi\/index.php\/wp-json\/wp\/v2\/pages\/1324\/revisions"}],"predecessor-version":[{"id":1585,"href":"https:\/\/www.snowark.fi\/index.php\/wp-json\/wp\/v2\/pages\/1324\/revisions\/1585"}],"wp:attachment":[{"href":"https:\/\/www.snowark.fi\/index.php\/wp-json\/wp\/v2\/media?parent=1324"}],"curies":[{"name":"wp","href":"https:\/\/api.w.org\/{rel}","templated":true}]}}