{"id":1073,"date":"2022-08-17T07:39:57","date_gmt":"2022-08-17T07:39:57","guid":{"rendered":"https:\/\/www.snowark.fi\/?page_id=1073"},"modified":"2025-12-27T14:47:55","modified_gmt":"2025-12-27T14:47:55","slug":"palvelut","status":"publish","type":"page","link":"https:\/\/www.snowark.fi\/index.php\/palvelut\/","title":{"rendered":"Palvelut ja hinnat"},"content":{"rendered":"\n<div style=\"height:60px\" aria-hidden=\"true\" class=\"wp-block-spacer\"><\/div>\n\n\n\n<h2 class=\"wp-block-heading has-ast-global-color-0-color has-text-color\">PALVELUT JA HINNAT<\/h2>\n\n\n\n<p>Tarjoamme palveluja arkkitehtisuunnittelun eri osa-alueissa. Hinnoittelumme pohjautuu edulliseen 55\u20ac\/h tuntilaskutukseen, ja koska toimintamme on sivutoimista, ei yrityksemme ole arvonlis\u00e4verovelvollinen! N\u00e4in ollen hintatasomme on eritt\u00e4in kilpailukykyinen kilpailijoihimme verrattuna. Voimme tehd\u00e4 t\u00f6it\u00e4 puhtaasti tuntilaskutuksella tai kiinteill\u00e4 tapauskohtaisesti sovituilla hinnoilla. Alla mainitut esimerkkihinnat ovat suuntaa antavia.<\/p>\n\n\n\n<div style=\"height:50px\" aria-hidden=\"true\" class=\"wp-block-spacer\"><\/div>\n\n\n\n<div class=\"wp-block-media-text is-stacked-on-mobile\"><figure class=\"wp-block-media-text__media\"><img loading=\"lazy\" decoding=\"async\" width=\"1024\" height=\"1024\" src=\"https:\/\/www.snowark.fi\/wp-content\/uploads\/2022\/01\/IG-1024x1024.jpg\" alt=\"Arkkitehtisuunnittelu\" class=\"wp-image-594 size-full\" srcset=\"https:\/\/www.snowark.fi\/wp-content\/uploads\/2022\/01\/IG-1024x1024.jpg 1024w, https:\/\/www.snowark.fi\/wp-content\/uploads\/2022\/01\/IG-300x300.jpg 300w, https:\/\/www.snowark.fi\/wp-content\/uploads\/2022\/01\/IG-150x150.jpg 150w, https:\/\/www.snowark.fi\/wp-content\/uploads\/2022\/01\/IG-768x768.jpg 768w, https:\/\/www.snowark.fi\/wp-content\/uploads\/2022\/01\/IG-500x500.jpg 500w, https:\/\/www.snowark.fi\/wp-content\/uploads\/2022\/01\/IG-800x800.jpg 800w, https:\/\/www.snowark.fi\/wp-content\/uploads\/2022\/01\/IG-1280x1280.jpg 1280w, https:\/\/www.snowark.fi\/wp-content\/uploads\/2022\/01\/IG.jpg 1500w\" sizes=\"auto, (max-width: 1024px) 100vw, 1024px\" \/><\/figure><div class=\"wp-block-media-text__content\">\n<h3 class=\"wp-block-heading has-text-align-left\">ARKKITEHTISUUNNITTELU<\/h3>\n\n\n\n<p class=\"has-text-align-left\">P\u00e4\u00e4asiallinen toimenkuvamme on arkkitehtisuunnittelu. Pystymme vastaamaan omakotitalojen, kes\u00e4m\u00f6kkien sek\u00e4 muiden pienempien kohteiden arkkitehti- ja p\u00e4\u00e4suunnittelusta. Suunnittelu tehd\u00e4\u00e4n aina t\u00e4m\u00e4n p\u00e4iv\u00e4n standardien mukaisesti tietomallintaen Archicad-ohjelmalla.<br><br><strong>Esimerkkihintoja<\/strong>:<\/p>\n\n\n\n<ul>\n<li style=\"text-align: left;\">Omakotitalon luonnossuunnittelu havainnekuvineen 2500\u20ac<\/li>\n<li>Omakotitalon arkkitehti- ja p\u00e4\u00e4suunnittelu havainnekuvineen 4500\u20ac<\/li>\n<li style=\"text-align: left;\">Talousrakennuksen arkkitehti- ja p\u00e4\u00e4suunnittelu 1500\u20ac<\/li>\n<\/ul>\n\n\n\n<div class=\"wp-block-buttons is-content-justification-left is-layout-flex wp-container-core-buttons-is-layout-fc4fd283 wp-block-buttons-is-layout-flex\">\n<div class=\"wp-block-button is-style-fill\"><a class=\"wp-block-button__link has-small-font-size has-custom-font-size wp-element-button\" href=\"https:\/\/www.snowark.fi\/index.php\/projektit\/\">Tutustu projekteihin<\/a><\/div>\n<\/div>\n<\/div><\/div>\n\n\n\n<div class=\"wp-block-media-text has-media-on-the-right is-stacked-on-mobile\"><div class=\"wp-block-media-text__content\">\n<h3 class=\"wp-block-heading has-text-align-left\">VISUALISOINTI<\/h3>\n\n\n\n<p class=\"has-text-align-left\">Visualisointikuvien avulla suunnitelmat her\u00e4\u00e4v\u00e4t eloon ja niit\u00e4 on helpompi havainnollistaa asiakkaalle. Snowark tuottaa laadukkaita fotorealistisia havainnekuvia sek\u00e4 -videoita suunnittelukohteista.<br><br><strong>Esimerkkihintoja:<\/strong><\/p>\n\n\n\n<ul>\n<li style=\"text-align: left;\">Ensimm\u00e4inen havainnekuva asiakkaan 3D-mallista 200\u20ac<\/li>\n<li>Lis\u00e4kuvat samasta 3D-mallista 80\u20ac\/kpl<\/li>\n<li style=\"text-align: left;\">Kolme havainnekuvaa pelkkien piirustusten pohjalta 500\u20ac<\/li>\n<li style=\"text-align: left;\">Esittelyvideo 500\u20ac<\/li>\n<\/ul>\n<\/div><figure class=\"wp-block-media-text__media\"><img loading=\"lazy\" decoding=\"async\" width=\"1024\" height=\"1024\" src=\"https:\/\/www.snowark.fi\/wp-content\/uploads\/2025\/02\/Visualisointi2-1024x1024.jpg\" alt=\"Havainnekuva\" class=\"wp-image-1698 size-full\" srcset=\"https:\/\/www.snowark.fi\/wp-content\/uploads\/2025\/02\/Visualisointi2-1024x1024.jpg 1024w, https:\/\/www.snowark.fi\/wp-content\/uploads\/2025\/02\/Visualisointi2-300x300.jpg 300w, https:\/\/www.snowark.fi\/wp-content\/uploads\/2025\/02\/Visualisointi2-150x150.jpg 150w, https:\/\/www.snowark.fi\/wp-content\/uploads\/2025\/02\/Visualisointi2-768x768.jpg 768w, https:\/\/www.snowark.fi\/wp-content\/uploads\/2025\/02\/Visualisointi2-500x500.jpg 500w, https:\/\/www.snowark.fi\/wp-content\/uploads\/2025\/02\/Visualisointi2-800x800.jpg 800w, https:\/\/www.snowark.fi\/wp-content\/uploads\/2025\/02\/Visualisointi2-1280x1280.jpg 1280w, https:\/\/www.snowark.fi\/wp-content\/uploads\/2025\/02\/Visualisointi2.jpg 1469w\" sizes=\"auto, (max-width: 1024px) 100vw, 1024px\" \/><\/figure><\/div>\n\n\n\n<div class=\"wp-block-media-text is-stacked-on-mobile\"><figure class=\"wp-block-media-text__media\"><img loading=\"lazy\" decoding=\"async\" width=\"1024\" height=\"1024\" src=\"https:\/\/www.snowark.fi\/wp-content\/uploads\/2022\/10\/Arena-1024x1024.jpg\" alt=\"Nokia Arenan malja\" class=\"wp-image-1134 size-full\" srcset=\"https:\/\/www.snowark.fi\/wp-content\/uploads\/2022\/10\/Arena-1024x1024.jpg 1024w, https:\/\/www.snowark.fi\/wp-content\/uploads\/2022\/10\/Arena-300x300.jpg 300w, https:\/\/www.snowark.fi\/wp-content\/uploads\/2022\/10\/Arena-150x150.jpg 150w, https:\/\/www.snowark.fi\/wp-content\/uploads\/2022\/10\/Arena-768x768.jpg 768w, https:\/\/www.snowark.fi\/wp-content\/uploads\/2022\/10\/Arena.jpg 1500w\" sizes=\"auto, (max-width: 1024px) 100vw, 1024px\" \/><\/figure><div class=\"wp-block-media-text__content\">\n<h3 class=\"wp-block-heading has-text-align-left\">PIENOISMALLIT<\/h3>\n\n\n\n<p class=\"has-text-align-left\">Pienoismallit ovat Snowarkin erityisalaa. Teemme arkkitehtuurimalleja k\u00e4sity\u00f6n\u00e4 niin isoon kuin pieneen mittakaavaan. Snowarkin studiosta l\u00f6ytyy my\u00f6s 3D-tulostin, joka edustaa alan uusinta suuntausta. Tulostinta voidaan hy\u00f6dynt\u00e4\u00e4 hyv\u00e4n\u00e4 apuv\u00e4lineen\u00e4 yksityiskohtaisten osien tekemiseen malleihin ja sill\u00e4 on my\u00f6s mahdollista tuottaa nopeasti karkeampia massamalleja rakennuksista.<br><br>Arkkitehtipienoismallien osalta hinnoittelumme on 40\u20ac\/h<br><strong><br>Esimerkkihintoja:<\/strong><\/p>\n\n\n\n<ul>\n<li style=\"text-align: left;\">Pienoismalli n. 50x50x50cm, 2000 \u20ac<\/li>\n<\/ul>\n\n\n\n<div class=\"wp-block-buttons is-content-justification-left is-layout-flex wp-container-core-buttons-is-layout-fc4fd283 wp-block-buttons-is-layout-flex\">\n<div class=\"wp-block-button\"><a class=\"wp-block-button__link has-small-font-size has-custom-font-size wp-element-button\" href=\"https:\/\/www.snowark.fi\/index.php\/pienoismallit\/\">Tutustu pienoismalleihin<\/a><\/div>\n<\/div>\n<\/div><\/div>\n\n\n\n<div class=\"wp-block-media-text has-media-on-the-right is-stacked-on-mobile\"><div class=\"wp-block-media-text__content\">\n<h3 class=\"wp-block-heading has-text-align-left\">PIHASUUNNITTELU<\/h3>\n\n\n\n<p class=\"has-text-align-left\">Arkkitehtuuri ja tilat eiv\u00e4t rajoitu pelk\u00e4st\u00e4\u00e4n nelj\u00e4n sein\u00e4n sis\u00e4\u00e4n, vaan niit\u00e4 on mahdollista luoda my\u00f6s ulos auringon alle. Rakennuksen tilasarjan jatkaminen ulos terassille ja puutarhaan on edullinen tapa saada paljon lis\u00e4\u00e4 viihtyis\u00e4\u00e4 tilaa kotiin. Snowarkilla osataan arvostaa luontoa ja vehreytt\u00e4, ja pihojen suunnittelu onkin yksi lempiteht\u00e4vist\u00e4mme!<br><br>(Emme toimi rakentamislupaa vaativien kohteiden vastaavana pihasuunnittelijana)<br><br><strong>Esimerkkihintoja:<\/strong><\/p>\n\n\n\n<ul>\n<li style=\"text-align: left;\">Omakotitalotontin pihasuunnitelma 800 \u20ac<\/li>\n<\/ul>\n<\/div><figure class=\"wp-block-media-text__media\"><img loading=\"lazy\" decoding=\"async\" width=\"1024\" height=\"1024\" src=\"https:\/\/www.snowark.fi\/wp-content\/uploads\/2024\/05\/Piha-taka-2e-1-1024x1024.jpg\" alt=\"Piha- ja maisemasuunnittelu\" class=\"wp-image-1301 size-full\" srcset=\"https:\/\/www.snowark.fi\/wp-content\/uploads\/2024\/05\/Piha-taka-2e-1-1024x1024.jpg 1024w, https:\/\/www.snowark.fi\/wp-content\/uploads\/2024\/05\/Piha-taka-2e-1-300x300.jpg 300w, https:\/\/www.snowark.fi\/wp-content\/uploads\/2024\/05\/Piha-taka-2e-1-150x150.jpg 150w, https:\/\/www.snowark.fi\/wp-content\/uploads\/2024\/05\/Piha-taka-2e-1-768x768.jpg 768w, https:\/\/www.snowark.fi\/wp-content\/uploads\/2024\/05\/Piha-taka-2e-1-1536x1536.jpg 1536w, https:\/\/www.snowark.fi\/wp-content\/uploads\/2024\/05\/Piha-taka-2e-1.jpg 1920w\" sizes=\"auto, (max-width: 1024px) 100vw, 1024px\" \/><\/figure><\/div>\n\n\n\n<div class=\"wp-block-media-text is-stacked-on-mobile\"><figure class=\"wp-block-media-text__media\"><img loading=\"lazy\" decoding=\"async\" width=\"1024\" height=\"1024\" src=\"https:\/\/www.snowark.fi\/wp-content\/uploads\/2022\/10\/Nayttokuva-2022-10-25-180654-1024x1024.jpg\" alt=\"IFC-tietomalli\" class=\"wp-image-1142 size-full\" srcset=\"https:\/\/www.snowark.fi\/wp-content\/uploads\/2022\/10\/Nayttokuva-2022-10-25-180654-1024x1024.jpg 1024w, https:\/\/www.snowark.fi\/wp-content\/uploads\/2022\/10\/Nayttokuva-2022-10-25-180654-300x300.jpg 300w, https:\/\/www.snowark.fi\/wp-content\/uploads\/2022\/10\/Nayttokuva-2022-10-25-180654-150x150.jpg 150w, https:\/\/www.snowark.fi\/wp-content\/uploads\/2022\/10\/Nayttokuva-2022-10-25-180654-768x767.jpg 768w, https:\/\/www.snowark.fi\/wp-content\/uploads\/2022\/10\/Nayttokuva-2022-10-25-180654.jpg 1221w\" sizes=\"auto, (max-width: 1024px) 100vw, 1024px\" \/><\/figure><div class=\"wp-block-media-text__content\">\n<h3 class=\"wp-block-heading has-text-align-left\">DIGITOINTI JA PIIRUSTUSTEN PUHTAAKSI PIIRTO<\/h3>\n\n\n\n<p class=\"has-text-align-left\">Oletko suunnittelut pihallesi piharakennuksen, mutta kaupunki vaatii suunnitelmista viralliset lupakuvat? Ei h\u00e4t\u00e4\u00e4, piirr\u00e4mme mielell\u00e4mme suunnitelmasi puhtaaksi lupaa varten! <br><br>My\u00f6s suunniteltaessa remonttia vanhaan kohteeseen, alkuper\u00e4iset piirustukset ovat usein puutteellisia. Tarkemittaamalla rakennus ja digitoimalla piirustukset, saadaan l\u00e4ht\u00f6tiedot s\u00e4hk\u00f6iseen muotoon ja niiden paikkansapit\u00e4vyys varmistettua. Monesti kohde kannattaa my\u00f6s tietomallintaa, jolloin uusien suunnitelmien vaikutukset vanhoihin osiin huomataan helposti.<br><br><strong>Esimerkkihintoja:<\/strong><\/p>\n\n\n\n<ul>\n<li style=\"text-align: left;\">Autotallin piirustusten puhtaaksi piirto lupaan 350\u20ac<\/li>\n<li style=\"text-align: left;\">Vanhan talon piirustusten digitointi ilman tarkemittausta 600\u20ac<\/li>\n<li style=\"text-align: left;\">Vanhan talon tarkemittaus, tietomallinnus ja piirustukset 1000\u20ac<\/li>\n<\/ul>\n<\/div><\/div>\n\n\n\n<div style=\"height:50px\" aria-hidden=\"true\" class=\"wp-block-spacer\"><\/div>\n","protected":false},"excerpt":{"rendered":"<p>PALVELUT JA HINNAT Tarjoamme palveluja arkkitehtisuunnittelun eri osa-alueissa. Hinnoittelumme pohjautuu edulliseen 55\u20ac\/h tuntilaskutukseen, ja koska toimintamme on sivutoimista, ei yrityksemme ole arvonlis\u00e4verovelvollinen! N\u00e4in ollen hintatasomme on eritt\u00e4in kilpailukykyinen kilpailijoihimme verrattuna. Voimme tehd\u00e4 t\u00f6it\u00e4 puhtaasti tuntilaskutuksella tai kiinteill\u00e4 tapauskohtaisesti sovituilla hinnoilla. Alla mainitut esimerkkihinnat ovat suuntaa antavia.<\/p>\n","protected":false},"author":1,"featured_media":0,"parent":0,"menu_order":2,"comment_status":"closed","ping_status":"closed","template":"","meta":{"site-sidebar-layout":"default","site-content-layout":"default","ast-site-content-layout":"default","site-content-style":"default","site-sidebar-style":"default","ast-global-header-display":"","ast-banner-title-visibility":"","ast-main-header-display":"","ast-hfb-above-header-display":"","ast-hfb-below-header-display":"","ast-hfb-mobile-header-display":"","site-post-title":"disabled","ast-breadcrumbs-content":"","ast-featured-img":"","footer-sml-layout":"","theme-transparent-header-meta":"default","adv-header-id-meta":"","stick-header-meta":"","header-above-stick-meta":"","header-main-stick-meta":"","header-below-stick-meta":"","astra-migrate-meta-layouts":"set","ast-page-background-enabled":"default","ast-page-background-meta":{"desktop":{"background-color":"var(--ast-global-color-4)","background-image":"","background-repeat":"repeat","background-position":"center center","background-size":"auto","background-attachment":"scroll","background-type":"","background-media":"","overlay-type":"","overlay-color":"","overlay-opacity":"","overlay-gradient":""},"tablet":{"background-color":"","background-image":"","background-repeat":"repeat","background-position":"center center","background-size":"auto","background-attachment":"scroll","background-type":"","background-media":"","overlay-type":"","overlay-color":"","overlay-opacity":"","overlay-gradient":""},"mobile":{"background-color":"","background-image":"","background-repeat":"repeat","background-position":"center center","background-size":"auto","background-attachment":"scroll","background-type":"","background-media":"","overlay-type":"","overlay-color":"","overlay-opacity":"","overlay-gradient":""}},"ast-content-background-meta":{"desktop":{"background-color":"var(--ast-global-color-5)","background-image":"","background-repeat":"repeat","background-position":"center center","background-size":"auto","background-attachment":"scroll","background-type":"","background-media":"","overlay-type":"","overlay-color":"","overlay-opacity":"","overlay-gradient":""},"tablet":{"background-color":"var(--ast-global-color-5)","background-image":"","background-repeat":"repeat","background-position":"center center","background-size":"auto","background-attachment":"scroll","background-type":"","background-media":"","overlay-type":"","overlay-color":"","overlay-opacity":"","overlay-gradient":""},"mobile":{"background-color":"var(--ast-global-color-5)","background-image":"","background-repeat":"repeat","background-position":"center center","background-size":"auto","background-attachment":"scroll","background-type":"","background-media":"","overlay-type":"","overlay-color":"","overlay-opacity":"","overlay-gradient":""}},"footnotes":""},"class_list":["post-1073","page","type-page","status-publish","hentry"],"yoast_head":"<!-- This site is optimized with the Yoast SEO plugin v26.6 - https:\/\/yoast.com\/wordpress\/plugins\/seo\/ -->\n<title>Palvelut ja hinnat - Snowark Studio<\/title>\n<meta name=\"description\" content=\"Tarjoamme palveluja arkkitehtisuunnittelun eri osa-alueissa. Hinta vain 50e\/h!\" \/>\n<meta name=\"robots\" content=\"index, follow, max-snippet:-1, max-image-preview:large, max-video-preview:-1\" \/>\n<link rel=\"canonical\" href=\"https:\/\/www.snowark.fi\/index.php\/palvelut\/\" \/>\n<meta property=\"og:locale\" content=\"fi_FI\" \/>\n<meta property=\"og:type\" content=\"article\" \/>\n<meta property=\"og:title\" content=\"Palvelut ja hinnat - Snowark Studio\" \/>\n<meta property=\"og:description\" content=\"Tarjoamme palveluja arkkitehtisuunnittelun eri osa-alueissa. Hinta vain 50e\/h!\" \/>\n<meta property=\"og:url\" content=\"https:\/\/www.snowark.fi\/index.php\/palvelut\/\" \/>\n<meta property=\"og:site_name\" content=\"SNOWARK\" \/>\n<meta property=\"article:modified_time\" content=\"2025-12-27T14:47:55+00:00\" \/>\n<meta property=\"og:image\" content=\"https:\/\/www.snowark.fi\/wp-content\/uploads\/2022\/01\/IG.jpg\" \/>\n\t<meta property=\"og:image:width\" content=\"1500\" \/>\n\t<meta property=\"og:image:height\" content=\"1500\" \/>\n\t<meta property=\"og:image:type\" content=\"image\/jpeg\" \/>\n<meta name=\"twitter:card\" content=\"summary_large_image\" \/>\n<meta name=\"twitter:label1\" content=\"Arvioitu lukuaika\" \/>\n\t<meta name=\"twitter:data1\" content=\"3 minuuttia\" \/>\n<script type=\"application\/ld+json\" class=\"yoast-schema-graph\">{\"@context\":\"https:\/\/schema.org\",\"@graph\":[{\"@type\":\"WebPage\",\"@id\":\"https:\/\/www.snowark.fi\/index.php\/palvelut\/\",\"url\":\"https:\/\/www.snowark.fi\/index.php\/palvelut\/\",\"name\":\"Palvelut ja hinnat - Snowark Studio\",\"isPartOf\":{\"@id\":\"https:\/\/www.snowark.fi\/#website\"},\"primaryImageOfPage\":{\"@id\":\"https:\/\/www.snowark.fi\/index.php\/palvelut\/#primaryimage\"},\"image\":{\"@id\":\"https:\/\/www.snowark.fi\/index.php\/palvelut\/#primaryimage\"},\"thumbnailUrl\":\"https:\/\/www.snowark.fi\/wp-content\/uploads\/2022\/01\/IG-1024x1024.jpg\",\"datePublished\":\"2022-08-17T07:39:57+00:00\",\"dateModified\":\"2025-12-27T14:47:55+00:00\",\"description\":\"Tarjoamme palveluja arkkitehtisuunnittelun eri osa-alueissa. Hinta vain 50e\/h!\",\"breadcrumb\":{\"@id\":\"https:\/\/www.snowark.fi\/index.php\/palvelut\/#breadcrumb\"},\"inLanguage\":\"fi\",\"potentialAction\":[{\"@type\":\"ReadAction\",\"target\":[\"https:\/\/www.snowark.fi\/index.php\/palvelut\/\"]}]},{\"@type\":\"ImageObject\",\"inLanguage\":\"fi\",\"@id\":\"https:\/\/www.snowark.fi\/index.php\/palvelut\/#primaryimage\",\"url\":\"https:\/\/www.snowark.fi\/wp-content\/uploads\/2022\/01\/IG.jpg\",\"contentUrl\":\"https:\/\/www.snowark.fi\/wp-content\/uploads\/2022\/01\/IG.jpg\",\"width\":1500,\"height\":1500},{\"@type\":\"BreadcrumbList\",\"@id\":\"https:\/\/www.snowark.fi\/index.php\/palvelut\/#breadcrumb\",\"itemListElement\":[{\"@type\":\"ListItem\",\"position\":1,\"name\":\"Etusivu\",\"item\":\"https:\/\/www.snowark.fi\/\"},{\"@type\":\"ListItem\",\"position\":2,\"name\":\"Palvelut ja hinnat\"}]},{\"@type\":\"WebSite\",\"@id\":\"https:\/\/www.snowark.fi\/#website\",\"url\":\"https:\/\/www.snowark.fi\/\",\"name\":\"SNOWARK\",\"description\":\"Pirkanmaalainen arkkitehtistudio\",\"publisher\":{\"@id\":\"https:\/\/www.snowark.fi\/#organization\"},\"potentialAction\":[{\"@type\":\"SearchAction\",\"target\":{\"@type\":\"EntryPoint\",\"urlTemplate\":\"https:\/\/www.snowark.fi\/?s={search_term_string}\"},\"query-input\":{\"@type\":\"PropertyValueSpecification\",\"valueRequired\":true,\"valueName\":\"search_term_string\"}}],\"inLanguage\":\"fi\"},{\"@type\":\"Organization\",\"@id\":\"https:\/\/www.snowark.fi\/#organization\",\"name\":\"Snowark\",\"url\":\"https:\/\/www.snowark.fi\/\",\"logo\":{\"@type\":\"ImageObject\",\"inLanguage\":\"fi\",\"@id\":\"https:\/\/www.snowark.fi\/#\/schema\/logo\/image\/\",\"url\":\"https:\/\/www.snowark.fi\/wp-content\/uploads\/2022\/01\/cropped-Sivuston-pikkukuva.png\",\"contentUrl\":\"https:\/\/www.snowark.fi\/wp-content\/uploads\/2022\/01\/cropped-Sivuston-pikkukuva.png\",\"width\":512,\"height\":512,\"caption\":\"Snowark\"},\"image\":{\"@id\":\"https:\/\/www.snowark.fi\/#\/schema\/logo\/image\/\"},\"sameAs\":[\"https:\/\/www.instagram.com\/snowarkstudio\/\"]}]}<\/script>\n<!-- \/ Yoast SEO plugin. -->","yoast_head_json":{"title":"Palvelut ja hinnat - Snowark Studio","description":"Tarjoamme palveluja arkkitehtisuunnittelun eri osa-alueissa. Hinta vain 50e\/h!","robots":{"index":"index","follow":"follow","max-snippet":"max-snippet:-1","max-image-preview":"max-image-preview:large","max-video-preview":"max-video-preview:-1"},"canonical":"https:\/\/www.snowark.fi\/index.php\/palvelut\/","og_locale":"fi_FI","og_type":"article","og_title":"Palvelut ja hinnat - Snowark Studio","og_description":"Tarjoamme palveluja arkkitehtisuunnittelun eri osa-alueissa. Hinta vain 50e\/h!","og_url":"https:\/\/www.snowark.fi\/index.php\/palvelut\/","og_site_name":"SNOWARK","article_modified_time":"2025-12-27T14:47:55+00:00","og_image":[{"width":1500,"height":1500,"url":"https:\/\/www.snowark.fi\/wp-content\/uploads\/2022\/01\/IG.jpg","type":"image\/jpeg"}],"twitter_card":"summary_large_image","twitter_misc":{"Arvioitu lukuaika":"3 minuuttia"},"schema":{"@context":"https:\/\/schema.org","@graph":[{"@type":"WebPage","@id":"https:\/\/www.snowark.fi\/index.php\/palvelut\/","url":"https:\/\/www.snowark.fi\/index.php\/palvelut\/","name":"Palvelut ja hinnat - Snowark Studio","isPartOf":{"@id":"https:\/\/www.snowark.fi\/#website"},"primaryImageOfPage":{"@id":"https:\/\/www.snowark.fi\/index.php\/palvelut\/#primaryimage"},"image":{"@id":"https:\/\/www.snowark.fi\/index.php\/palvelut\/#primaryimage"},"thumbnailUrl":"https:\/\/www.snowark.fi\/wp-content\/uploads\/2022\/01\/IG-1024x1024.jpg","datePublished":"2022-08-17T07:39:57+00:00","dateModified":"2025-12-27T14:47:55+00:00","description":"Tarjoamme palveluja arkkitehtisuunnittelun eri osa-alueissa. Hinta vain 50e\/h!","breadcrumb":{"@id":"https:\/\/www.snowark.fi\/index.php\/palvelut\/#breadcrumb"},"inLanguage":"fi","potentialAction":[{"@type":"ReadAction","target":["https:\/\/www.snowark.fi\/index.php\/palvelut\/"]}]},{"@type":"ImageObject","inLanguage":"fi","@id":"https:\/\/www.snowark.fi\/index.php\/palvelut\/#primaryimage","url":"https:\/\/www.snowark.fi\/wp-content\/uploads\/2022\/01\/IG.jpg","contentUrl":"https:\/\/www.snowark.fi\/wp-content\/uploads\/2022\/01\/IG.jpg","width":1500,"height":1500},{"@type":"BreadcrumbList","@id":"https:\/\/www.snowark.fi\/index.php\/palvelut\/#breadcrumb","itemListElement":[{"@type":"ListItem","position":1,"name":"Etusivu","item":"https:\/\/www.snowark.fi\/"},{"@type":"ListItem","position":2,"name":"Palvelut ja hinnat"}]},{"@type":"WebSite","@id":"https:\/\/www.snowark.fi\/#website","url":"https:\/\/www.snowark.fi\/","name":"SNOWARK","description":"Pirkanmaalainen arkkitehtistudio","publisher":{"@id":"https:\/\/www.snowark.fi\/#organization"},"potentialAction":[{"@type":"SearchAction","target":{"@type":"EntryPoint","urlTemplate":"https:\/\/www.snowark.fi\/?s={search_term_string}"},"query-input":{"@type":"PropertyValueSpecification","valueRequired":true,"valueName":"search_term_string"}}],"inLanguage":"fi"},{"@type":"Organization","@id":"https:\/\/www.snowark.fi\/#organization","name":"Snowark","url":"https:\/\/www.snowark.fi\/","logo":{"@type":"ImageObject","inLanguage":"fi","@id":"https:\/\/www.snowark.fi\/#\/schema\/logo\/image\/","url":"https:\/\/www.snowark.fi\/wp-content\/uploads\/2022\/01\/cropped-Sivuston-pikkukuva.png","contentUrl":"https:\/\/www.snowark.fi\/wp-content\/uploads\/2022\/01\/cropped-Sivuston-pikkukuva.png","width":512,"height":512,"caption":"Snowark"},"image":{"@id":"https:\/\/www.snowark.fi\/#\/schema\/logo\/image\/"},"sameAs":["https:\/\/www.instagram.com\/snowarkstudio\/"]}]}},"_links":{"self":[{"href":"https:\/\/www.snowark.fi\/index.php\/wp-json\/wp\/v2\/pages\/1073","targetHints":{"allow":["GET"]}}],"collection":[{"href":"https:\/\/www.snowark.fi\/index.php\/wp-json\/wp\/v2\/pages"}],"about":[{"href":"https:\/\/www.snowark.fi\/index.php\/wp-json\/wp\/v2\/types\/page"}],"author":[{"embeddable":true,"href":"https:\/\/www.snowark.fi\/index.php\/wp-json\/wp\/v2\/users\/1"}],"replies":[{"embeddable":true,"href":"https:\/\/www.snowark.fi\/index.php\/wp-json\/wp\/v2\/comments?post=1073"}],"version-history":[{"count":68,"href":"https:\/\/www.snowark.fi\/index.php\/wp-json\/wp\/v2\/pages\/1073\/revisions"}],"predecessor-version":[{"id":1755,"href":"https:\/\/www.snowark.fi\/index.php\/wp-json\/wp\/v2\/pages\/1073\/revisions\/1755"}],"wp:attachment":[{"href":"https:\/\/www.snowark.fi\/index.php\/wp-json\/wp\/v2\/media?parent=1073"}],"curies":[{"name":"wp","href":"https:\/\/api.w.org\/{rel}","templated":true}]}}